{"id":73,"date":"2017-02-16T11:05:21","date_gmt":"2017-02-16T11:05:21","guid":{"rendered":"https:\/\/www.jlfcontabilidade.pt\/novo\/?page_id=73"},"modified":"2026-05-12T16:48:42","modified_gmt":"2026-05-12T16:48:42","slug":"empresa","status":"publish","type":"page","link":"https:\/\/www.jlfcontabilidade.pt\/?page_id=73","title":{"rendered":"Empresa"},"content":{"rendered":"<p>[et_pb_section fb_built=&#8221;1&#8243; fullwidth=&#8221;on&#8221; admin_label=&#8221;Section&#8221; _builder_version=&#8221;4.16&#8243; locked=&#8221;off&#8221; collapsed=&#8221;off&#8221; global_colors_info=&#8221;{}&#8221;][et_pb_fullwidth_header title=&#8221;EMPRESA&#8221; _builder_version=&#8221;4.19.5&#8243; background_color=&#8221;#ffffff&#8221; use_background_color_gradient=&#8221;on&#8221; background_color_gradient_direction=&#8221;86deg&#8221; background_color_gradient_stops=&#8221;#13593e 0%|rgba(19,89,62,0) 100%&#8221; background_color_gradient_overlays_image=&#8221;on&#8221; background_image=&#8221;https:\/\/www.jlfcontabilidade.pt\/novo\/wp-content\/uploads\/2023\/02\/sl4.jpg&#8221; custom_padding=&#8221;||100px|||&#8221; global_colors_info=&#8221;{}&#8221;][\/et_pb_fullwidth_header][\/et_pb_section][et_pb_section fb_built=&#8221;1&#8243; inner_shadow=&#8221;on&#8221; admin_label=&#8221;section&#8221; _builder_version=&#8221;4.19.5&#8243; background_color=&#8221;#FCFBEE&#8221; transparent_background=&#8221;off&#8221; global_colors_info=&#8221;{}&#8221;][et_pb_row _builder_version=&#8221;4.21.0&#8243; _module_preset=&#8221;default&#8221; global_colors_info=&#8221;{}&#8221;][et_pb_column type=&#8221;4_4&#8243; _builder_version=&#8221;4.21.0&#8243; _module_preset=&#8221;default&#8221; global_colors_info=&#8221;{}&#8221;][et_pb_text _builder_version=&#8221;4.21.0&#8243; _module_preset=&#8221;default&#8221; global_colors_info=&#8221;{}&#8221;]<\/p>\n<h1>Qual \u00e9 a nossa miss\u00e3o?<\/h1>\n<p><strong>Mais do que um escrit\u00f3rio de contabilidade, somos uma equipa pronta a guiar a sua empresa em todas as etapas. N\u00e3o estamos aqui apenas para orientar os pap\u00e9is e cumprir os prazos, mas sim tamb\u00e9m para dar apoio em gerir as suas finan\u00e7as de forma eficiente e eficaz, para guiar no pr\u00f3ximo passo a dar no seu neg\u00f3cio e para tirar qualquer d\u00favida que exista.<\/strong><\/p>\n<p><strong><\/strong><\/p>\n<p><strong><\/strong><\/p>\n<h1>Qual \u00e9 o nosso foco?<\/h1>\n<p style=\"text-align: justify;\"><strong>O nosso foco est\u00e1 na especializa\u00e7\u00e3o constante, com o objetivo de fornecer servi\u00e7os de contabilidade de alta qualidade. Algumas das vertentes do nosso gabinete de contabilidade incluem:<\/strong><\/p>\n<ul>\n<li style=\"text-align: justify;\"><strong>Prestar servi\u00e7os de contabilidade e fiscalidade para empresas de diferentes setores, garantindo a conformidade com as leis e regulamenta\u00e7\u00f5es fiscais e tribut\u00e1rias.<\/strong><\/li>\n<li style=\"text-align: justify;\"><strong>Oferecer suporte na gest\u00e3o financeira das empresas, atrav\u00e9s de an\u00e1lises financeiras, elabora\u00e7\u00e3o de or\u00e7amentos e proje\u00e7\u00f5es financeiras.<\/strong><\/li>\n<li style=\"text-align: justify;\"><strong>Fornecer orienta\u00e7\u00e3o e suporte em \u00e1reas como planeamento tribut\u00e1rio, gest\u00e3o de vencimentos e RH, controle de stocks entre outras.<\/strong><\/li>\n<li style=\"text-align: justify;\"><strong>Orientar e auxiliar empresas no processo de abertura e encerramento de empresas.<\/strong><\/li>\n<li style=\"text-align: justify;\"><strong>Manter atualizado sobre as mudan\u00e7as na legisla\u00e7\u00e3o e regulamenta\u00e7\u00e3o fiscal, contabilistica tribut\u00e1ria, a fim de fornecer as melhores solu\u00e7\u00f5es para os clientes.<\/strong><\/li>\n<li style=\"text-align: justify;\"><strong>Proporcionar um atendimento personalizado e dedicado aos clientes, para garantir a satisfa\u00e7\u00e3o e fidelidade dos mesmos.<\/strong><\/li>\n<\/ul>\n<p>[\/et_pb_text][\/et_pb_column][\/et_pb_row][et_pb_row _builder_version=&#8221;4.21.0&#8243; _module_preset=&#8221;default&#8221; global_colors_info=&#8221;{}&#8221;][et_pb_column type=&#8221;4_4&#8243; _builder_version=&#8221;4.21.0&#8243; _module_preset=&#8221;default&#8221; global_colors_info=&#8221;{}&#8221;][et_pb_image src=&#8221;https:\/\/www.jlfcontabilidade.pt\/novo\/wp-content\/uploads\/2023\/07\/Preparacao-dos-documentos-de-suporte-tendo-em-vista-o-tratamento-e-processamento-contabilistico-2.png&#8221; title_text=&#8221;Prepara\u00e7\u00e3o dos documentos de suporte, tendo em vista o tratamento e processamento contabil\u00edstico (2)&#8221; _builder_version=&#8221;4.21.0&#8243; _module_preset=&#8221;default&#8221; global_colors_info=&#8221;{}&#8221;][\/et_pb_image][\/et_pb_column][\/et_pb_row][et_pb_row admin_label=&#8221;row&#8221; _builder_version=&#8221;4.16&#8243; background_size=&#8221;initial&#8221; background_position=&#8221;top_left&#8221; background_repeat=&#8221;repeat&#8221; global_colors_info=&#8221;{}&#8221;][et_pb_column type=&#8221;4_4&#8243; _builder_version=&#8221;4.16&#8243; custom_padding=&#8221;|||&#8221; global_colors_info=&#8221;{}&#8221; custom_padding__hover=&#8221;|||&#8221;][et_pb_text admin_label=&#8221;Historial &#8221; _builder_version=&#8221;4.19.5&#8243; header_font=&#8221;Montserrat||||||||&#8221; background_size=&#8221;initial&#8221; background_position=&#8221;top_left&#8221; background_repeat=&#8221;repeat&#8221; use_border_color=&#8221;off&#8221; border_style=&#8221;solid&#8221; global_colors_info=&#8221;{}&#8221;]<\/p>\n<h1><strong>Instala\u00e7\u00f5es<\/strong><\/h1>\n<p>[\/et_pb_text][\/et_pb_column][\/et_pb_row][et_pb_row column_structure=&#8221;1_2,1_2&#8243; _builder_version=&#8221;4.19.5&#8243; _module_preset=&#8221;default&#8221; global_colors_info=&#8221;{}&#8221;][et_pb_column type=&#8221;1_2&#8243; _builder_version=&#8221;4.19.5&#8243; _module_preset=&#8221;default&#8221; global_colors_info=&#8221;{}&#8221;][et_pb_image src=&#8221;https:\/\/www.jlfcontabilidade.pt\/novo\/wp-content\/uploads\/2026\/05\/CR5_3420-scaled.jpg&#8221; _builder_version=&#8221;4.27.4&#8243; _module_preset=&#8221;default&#8221; global_colors_info=&#8221;{}&#8221;][\/et_pb_image][\/et_pb_column][et_pb_column type=&#8221;1_2&#8243; _builder_version=&#8221;4.19.5&#8243; _module_preset=&#8221;default&#8221; global_colors_info=&#8221;{}&#8221;][et_pb_image src=&#8221;https:\/\/www.jlfcontabilidade.pt\/novo\/wp-content\/uploads\/2026\/05\/CR5_3414-scaled.jpg&#8221; _builder_version=&#8221;4.27.4&#8243; _module_preset=&#8221;default&#8221; global_colors_info=&#8221;{}&#8221;][\/et_pb_image][\/et_pb_column][\/et_pb_row][et_pb_row admin_label=&#8221;row&#8221; _builder_version=&#8221;4.16&#8243; background_size=&#8221;initial&#8221; background_position=&#8221;top_left&#8221; background_repeat=&#8221;repeat&#8221; global_colors_info=&#8221;{}&#8221;][et_pb_column type=&#8221;4_4&#8243; _builder_version=&#8221;4.16&#8243; custom_padding=&#8221;|||&#8221; global_colors_info=&#8221;{}&#8221; custom_padding__hover=&#8221;|||&#8221;][et_pb_text admin_label=&#8221;Historial &#8221; _builder_version=&#8221;4.19.5&#8243; header_font=&#8221;Montserrat||||||||&#8221; background_size=&#8221;initial&#8221; background_position=&#8221;top_left&#8221; background_repeat=&#8221;repeat&#8221; use_border_color=&#8221;off&#8221; border_style=&#8221;solid&#8221; global_colors_info=&#8221;{}&#8221;]<\/p>\n<h1><strong>Galeria<\/strong><\/h1>\n<p>[\/et_pb_text][et_pb_gallery gallery_ids=&#8221;933,946,948,940,936,937,942,943,944,931,932,935,949,685,688,689,690,691,687&#8243; posts_number=&#8221;50&#8243; hover_icon=&#8221;&#x59;||divi||400&#8243; _builder_version=&#8221;4.27.4&#8243; _module_preset=&#8221;default&#8221; hover_enabled=&#8221;0&#8243; global_colors_info=&#8221;{}&#8221; sticky_enabled=&#8221;0&#8243;][\/et_pb_gallery][\/et_pb_column][\/et_pb_row][\/et_pb_section]<\/p>\n","protected":false},"excerpt":{"rendered":"<p>Qual \u00e9 a nossa miss\u00e3o? Mais do que um escrit\u00f3rio de contabilidade, somos uma equipa pronta a guiar a sua empresa em todas as etapas. N\u00e3o estamos aqui apenas para orientar os pap\u00e9is e cumprir os prazos, mas sim tamb\u00e9m para dar apoio em gerir as suas finan\u00e7as de forma eficiente e eficaz, para guiar [&hellip;]<\/p>\n","protected":false},"author":1,"featured_media":0,"parent":0,"menu_order":0,"comment_status":"closed","ping_status":"closed","template":"","meta":{"_et_pb_use_builder":"on","_et_pb_old_content":"","_et_gb_content_width":"","footnotes":""},"class_list":["post-73","page","type-page","status-publish","hentry"],"yoast_head":"<!-- This site is optimized with the Yoast SEO plugin v27.4 - https:\/\/yoast.com\/product\/yoast-seo-wordpress\/ -->\n<title>Empresa - JLFContabilidade<\/title>\n<meta name=\"robots\" content=\"index, follow, max-snippet:-1, max-image-preview:large, max-video-preview:-1\" \/>\n<link rel=\"canonical\" href=\"https:\/\/www.jlfcontabilidade.pt\/?page_id=73\" \/>\n<meta property=\"og:locale\" content=\"pt_PT\" \/>\n<meta property=\"og:type\" content=\"article\" \/>\n<meta property=\"og:title\" content=\"Empresa - JLFContabilidade\" \/>\n<meta property=\"og:description\" content=\"Qual \u00e9 a nossa miss\u00e3o? Mais do que um escrit\u00f3rio de contabilidade, somos uma equipa pronta a guiar a sua empresa em todas as etapas. N\u00e3o estamos aqui apenas para orientar os pap\u00e9is e cumprir os prazos, mas sim tamb\u00e9m para dar apoio em gerir as suas finan\u00e7as de forma eficiente e eficaz, para guiar [&hellip;]\" \/>\n<meta property=\"og:url\" content=\"https:\/\/www.jlfcontabilidade.pt\/?page_id=73\" \/>\n<meta property=\"og:site_name\" content=\"JLFContabilidade\" \/>\n<meta property=\"article:modified_time\" content=\"2026-05-12T16:48:42+00:00\" \/>\n<meta name=\"twitter:card\" content=\"summary_large_image\" \/>\n<meta name=\"twitter:label1\" content=\"Tempo estimado de leitura\" \/>\n\t<meta name=\"twitter:data1\" content=\"2 minutos\" \/>\n<script type=\"application\/ld+json\" class=\"yoast-schema-graph\">{\"@context\":\"https:\\\/\\\/schema.org\",\"@graph\":[{\"@type\":\"WebPage\",\"@id\":\"https:\\\/\\\/www.jlfcontabilidade.pt\\\/?page_id=73\",\"url\":\"https:\\\/\\\/www.jlfcontabilidade.pt\\\/?page_id=73\",\"name\":\"Empresa - JLFContabilidade\",\"isPartOf\":{\"@id\":\"https:\\\/\\\/www.jlfcontabilidade.pt\\\/#website\"},\"datePublished\":\"2017-02-16T11:05:21+00:00\",\"dateModified\":\"2026-05-12T16:48:42+00:00\",\"breadcrumb\":{\"@id\":\"https:\\\/\\\/www.jlfcontabilidade.pt\\\/?page_id=73#breadcrumb\"},\"inLanguage\":\"pt-PT\",\"potentialAction\":[{\"@type\":\"ReadAction\",\"target\":[\"https:\\\/\\\/www.jlfcontabilidade.pt\\\/?page_id=73\"]}]},{\"@type\":\"BreadcrumbList\",\"@id\":\"https:\\\/\\\/www.jlfcontabilidade.pt\\\/?page_id=73#breadcrumb\",\"itemListElement\":[{\"@type\":\"ListItem\",\"position\":1,\"name\":\"In\u00edcio\",\"item\":\"https:\\\/\\\/www.jlfcontabilidade.pt\\\/\"},{\"@type\":\"ListItem\",\"position\":2,\"name\":\"Empresa\"}]},{\"@type\":\"WebSite\",\"@id\":\"https:\\\/\\\/www.jlfcontabilidade.pt\\\/#website\",\"url\":\"https:\\\/\\\/www.jlfcontabilidade.pt\\\/\",\"name\":\"JLFContabilidade\",\"description\":\"Gabinete T\u00e9cnico Contabilidade, Lda\",\"publisher\":{\"@id\":\"https:\\\/\\\/www.jlfcontabilidade.pt\\\/#organization\"},\"potentialAction\":[{\"@type\":\"SearchAction\",\"target\":{\"@type\":\"EntryPoint\",\"urlTemplate\":\"https:\\\/\\\/www.jlfcontabilidade.pt\\\/?s={search_term_string}\"},\"query-input\":{\"@type\":\"PropertyValueSpecification\",\"valueRequired\":true,\"valueName\":\"search_term_string\"}}],\"inLanguage\":\"pt-PT\"},{\"@type\":\"Organization\",\"@id\":\"https:\\\/\\\/www.jlfcontabilidade.pt\\\/#organization\",\"name\":\"Jaime Lopes Figueiredo - Gabinete T\u00e9cnico de Contabilidade, Lda\",\"url\":\"https:\\\/\\\/www.jlfcontabilidade.pt\\\/\",\"logo\":{\"@type\":\"ImageObject\",\"inLanguage\":\"pt-PT\",\"@id\":\"https:\\\/\\\/www.jlfcontabilidade.pt\\\/#\\\/schema\\\/logo\\\/image\\\/\",\"url\":\"https:\\\/\\\/www.jlfcontabilidade.pt\\\/novo\\\/wp-content\\\/uploads\\\/2023\\\/07\\\/JLF_Contabilidade_logo_2.png\",\"contentUrl\":\"https:\\\/\\\/www.jlfcontabilidade.pt\\\/novo\\\/wp-content\\\/uploads\\\/2023\\\/07\\\/JLF_Contabilidade_logo_2.png\",\"width\":1886,\"height\":428,\"caption\":\"Jaime Lopes Figueiredo - Gabinete T\u00e9cnico de Contabilidade, Lda\"},\"image\":{\"@id\":\"https:\\\/\\\/www.jlfcontabilidade.pt\\\/#\\\/schema\\\/logo\\\/image\\\/\"}}]}<\/script>\n<!-- \/ Yoast SEO plugin. -->","yoast_head_json":{"title":"Empresa - JLFContabilidade","robots":{"index":"index","follow":"follow","max-snippet":"max-snippet:-1","max-image-preview":"max-image-preview:large","max-video-preview":"max-video-preview:-1"},"canonical":"https:\/\/www.jlfcontabilidade.pt\/?page_id=73","og_locale":"pt_PT","og_type":"article","og_title":"Empresa - JLFContabilidade","og_description":"Qual \u00e9 a nossa miss\u00e3o? Mais do que um escrit\u00f3rio de contabilidade, somos uma equipa pronta a guiar a sua empresa em todas as etapas. N\u00e3o estamos aqui apenas para orientar os pap\u00e9is e cumprir os prazos, mas sim tamb\u00e9m para dar apoio em gerir as suas finan\u00e7as de forma eficiente e eficaz, para guiar [&hellip;]","og_url":"https:\/\/www.jlfcontabilidade.pt\/?page_id=73","og_site_name":"JLFContabilidade","article_modified_time":"2026-05-12T16:48:42+00:00","twitter_card":"summary_large_image","twitter_misc":{"Tempo estimado de leitura":"2 minutos"},"schema":{"@context":"https:\/\/schema.org","@graph":[{"@type":"WebPage","@id":"https:\/\/www.jlfcontabilidade.pt\/?page_id=73","url":"https:\/\/www.jlfcontabilidade.pt\/?page_id=73","name":"Empresa - JLFContabilidade","isPartOf":{"@id":"https:\/\/www.jlfcontabilidade.pt\/#website"},"datePublished":"2017-02-16T11:05:21+00:00","dateModified":"2026-05-12T16:48:42+00:00","breadcrumb":{"@id":"https:\/\/www.jlfcontabilidade.pt\/?page_id=73#breadcrumb"},"inLanguage":"pt-PT","potentialAction":[{"@type":"ReadAction","target":["https:\/\/www.jlfcontabilidade.pt\/?page_id=73"]}]},{"@type":"BreadcrumbList","@id":"https:\/\/www.jlfcontabilidade.pt\/?page_id=73#breadcrumb","itemListElement":[{"@type":"ListItem","position":1,"name":"In\u00edcio","item":"https:\/\/www.jlfcontabilidade.pt\/"},{"@type":"ListItem","position":2,"name":"Empresa"}]},{"@type":"WebSite","@id":"https:\/\/www.jlfcontabilidade.pt\/#website","url":"https:\/\/www.jlfcontabilidade.pt\/","name":"JLFContabilidade","description":"Gabinete T\u00e9cnico Contabilidade, Lda","publisher":{"@id":"https:\/\/www.jlfcontabilidade.pt\/#organization"},"potentialAction":[{"@type":"SearchAction","target":{"@type":"EntryPoint","urlTemplate":"https:\/\/www.jlfcontabilidade.pt\/?s={search_term_string}"},"query-input":{"@type":"PropertyValueSpecification","valueRequired":true,"valueName":"search_term_string"}}],"inLanguage":"pt-PT"},{"@type":"Organization","@id":"https:\/\/www.jlfcontabilidade.pt\/#organization","name":"Jaime Lopes Figueiredo - Gabinete T\u00e9cnico de Contabilidade, Lda","url":"https:\/\/www.jlfcontabilidade.pt\/","logo":{"@type":"ImageObject","inLanguage":"pt-PT","@id":"https:\/\/www.jlfcontabilidade.pt\/#\/schema\/logo\/image\/","url":"https:\/\/www.jlfcontabilidade.pt\/novo\/wp-content\/uploads\/2023\/07\/JLF_Contabilidade_logo_2.png","contentUrl":"https:\/\/www.jlfcontabilidade.pt\/novo\/wp-content\/uploads\/2023\/07\/JLF_Contabilidade_logo_2.png","width":1886,"height":428,"caption":"Jaime Lopes Figueiredo - Gabinete T\u00e9cnico de Contabilidade, Lda"},"image":{"@id":"https:\/\/www.jlfcontabilidade.pt\/#\/schema\/logo\/image\/"}}]}},"_links":{"self":[{"href":"https:\/\/www.jlfcontabilidade.pt\/index.php?rest_route=\/wp\/v2\/pages\/73","targetHints":{"allow":["GET"]}}],"collection":[{"href":"https:\/\/www.jlfcontabilidade.pt\/index.php?rest_route=\/wp\/v2\/pages"}],"about":[{"href":"https:\/\/www.jlfcontabilidade.pt\/index.php?rest_route=\/wp\/v2\/types\/page"}],"author":[{"embeddable":true,"href":"https:\/\/www.jlfcontabilidade.pt\/index.php?rest_route=\/wp\/v2\/users\/1"}],"replies":[{"embeddable":true,"href":"https:\/\/www.jlfcontabilidade.pt\/index.php?rest_route=%2Fwp%2Fv2%2Fcomments&post=73"}],"version-history":[{"count":52,"href":"https:\/\/www.jlfcontabilidade.pt\/index.php?rest_route=\/wp\/v2\/pages\/73\/revisions"}],"predecessor-version":[{"id":976,"href":"https:\/\/www.jlfcontabilidade.pt\/index.php?rest_route=\/wp\/v2\/pages\/73\/revisions\/976"}],"wp:attachment":[{"href":"https:\/\/www.jlfcontabilidade.pt\/index.php?rest_route=%2Fwp%2Fv2%2Fmedia&parent=73"}],"curies":[{"name":"wp","href":"https:\/\/api.w.org\/{rel}","templated":true}]}}