{"id":503,"date":"2023-02-23T10:26:15","date_gmt":"2023-02-23T10:26:15","guid":{"rendered":"https:\/\/www.jlfcontabilidade.pt\/novo\/?page_id=503"},"modified":"2026-05-12T16:43:10","modified_gmt":"2026-05-12T16:43:10","slug":"equipa","status":"publish","type":"page","link":"https:\/\/www.jlfcontabilidade.pt\/?page_id=503","title":{"rendered":"Equipa"},"content":{"rendered":"<p>[et_pb_section fb_built=&#8221;1&#8243; fullwidth=&#8221;on&#8221; _builder_version=&#8221;4.16&#8243; locked=&#8221;off&#8221; global_colors_info=&#8221;{}&#8221;][et_pb_fullwidth_header title=&#8221;EQUIPA&#8221; _builder_version=&#8221;4.21.0&#8243; background_color=&#8221;#ffffff&#8221; use_background_color_gradient=&#8221;on&#8221; background_color_gradient_direction=&#8221;86deg&#8221; background_color_gradient_stops=&#8221;#13593e 0%|rgba(19,89,62,0) 100%&#8221; background_color_gradient_overlays_image=&#8221;on&#8221; background_image=&#8221;https:\/\/www.jlfcontabilidade.pt\/novo\/wp-content\/uploads\/2023\/04\/sl8.jpg&#8221; custom_padding=&#8221;||100px|||&#8221; global_colors_info=&#8221;{}&#8221;][\/et_pb_fullwidth_header][\/et_pb_section][et_pb_section fb_built=&#8221;1&#8243; inner_shadow=&#8221;on&#8221; admin_label=&#8221;section&#8221; _builder_version=&#8221;4.19.5&#8243; background_color=&#8221;#FCFBEE&#8221; transparent_background=&#8221;off&#8221; global_colors_info=&#8221;{}&#8221;][et_pb_row column_structure=&#8221;1_4,1_4,1_4,1_4&#8243; _builder_version=&#8221;4.21.0&#8243; _module_preset=&#8221;default&#8221; width=&#8221;91%&#8221; max_width=&#8221;2043px&#8221; global_colors_info=&#8221;{}&#8221;][et_pb_column type=&#8221;1_4&#8243; _builder_version=&#8221;4.21.0&#8243; _module_preset=&#8221;default&#8221; global_colors_info=&#8221;{}&#8221;][et_pb_blurb image=&#8221;https:\/\/www.jlfcontabilidade.pt\/novo\/wp-content\/uploads\/2026\/05\/equipa1c.jpg&#8221; _builder_version=&#8221;4.27.4&#8243; _module_preset=&#8221;default&#8221; header_font=&#8221;|700|||||||&#8221; hover_enabled=&#8221;0&#8243; border_radii_image=&#8221;on|195px|195px|195px|195px&#8221; locked=&#8221;off&#8221; global_colors_info=&#8221;{}&#8221; sticky_enabled=&#8221;0&#8243;][\/et_pb_blurb][\/et_pb_column][et_pb_column type=&#8221;1_4&#8243; _builder_version=&#8221;4.21.0&#8243; _module_preset=&#8221;default&#8221; global_colors_info=&#8221;{}&#8221;][et_pb_text _builder_version=&#8221;4.21.0&#8243; _module_preset=&#8221;default&#8221; custom_padding=&#8221;||0px|||&#8221; global_colors_info=&#8221;{}&#8221;]<\/p>\n<h3><strong>Jaime Lopes Monteiro de Figueiredo<\/strong><\/h3>\n<p><strong>S\u00f3cio-Gerente<\/strong><br \/><strong>Contabilista Certificado C\u00e9dula n.\u00ba 4804<\/strong><\/p>\n<p><strong>Contactos<br \/><\/strong>Telefone fixo: 244 027 876 <span style=\"font-size: 10px;\">(Chamada para a rede fixa nacional)<\/span><br \/>Telem\u00f3vel: 917 818 318 <span style=\"font-size: 10px;\"> (Chamada para a rede m\u00f3vel nacional)<\/span><br \/><span style=\"color: #008000;\"><a href=\"mailto:jaime.figueiredo@jlfcontabilidade.pt\" style=\"color: #008000;\">jaime.figueiredo@jlfcontabilidade.pt<\/a><\/span><\/p>\n<p>[\/et_pb_text][\/et_pb_column][et_pb_column type=&#8221;1_4&#8243; _builder_version=&#8221;4.21.0&#8243; _module_preset=&#8221;default&#8221; global_colors_info=&#8221;{}&#8221;][et_pb_blurb image=&#8221;https:\/\/www.jlfcontabilidade.pt\/novo\/wp-content\/uploads\/2026\/05\/equipa2c.jpg&#8221; _builder_version=&#8221;4.27.4&#8243; _module_preset=&#8221;default&#8221; header_font=&#8221;|700|||||||&#8221; hover_enabled=&#8221;0&#8243; border_radii_image=&#8221;on|195px|195px|195px|195px&#8221; locked=&#8221;off&#8221; global_colors_info=&#8221;{}&#8221; sticky_enabled=&#8221;0&#8243;][\/et_pb_blurb][\/et_pb_column][et_pb_column type=&#8221;1_4&#8243; _builder_version=&#8221;4.21.0&#8243; _module_preset=&#8221;default&#8221; global_colors_info=&#8221;{}&#8221;][et_pb_text _builder_version=&#8221;4.21.0&#8243; _module_preset=&#8221;default&#8221; global_colors_info=&#8221;{}&#8221;]<\/p>\n<h3><strong>Julieta Maria Diniz Vieira de Figueiredo<\/strong><\/h3>\n<p><strong>S\u00f3cia-Gerente<br \/><\/strong><strong>T\u00e9cnica de Contabilidade<\/strong><\/p>\n<p><strong>Contactos<br \/><\/strong>Telefone fixo: 244 854 350 <span style=\"font-size: 10px;\">(Chamada para a rede fixa nacional)<\/span><br \/>Telem\u00f3vel: 917 608 139\u00a0<span style=\"font-size: 10px;\"> (Chamada para a rede m\u00f3vel nacional)<\/span><br \/><span style=\"color: #008000;\"><a href=\"mailto:ju.figueiredo@jlfcontabilidade.pt\" style=\"color: #008000;\">ju.figueiredo@jlfcontabilidade.pt<\/a><\/span><\/p>\n<p>[\/et_pb_text][\/et_pb_column][\/et_pb_row][et_pb_row column_structure=&#8221;1_4,1_4,1_4,1_4&#8243; _builder_version=&#8221;4.21.0&#8243; _module_preset=&#8221;default&#8221; width=&#8221;94%&#8221; max_width=&#8221;1912px&#8221; global_colors_info=&#8221;{}&#8221;][et_pb_column type=&#8221;1_4&#8243; _builder_version=&#8221;4.16&#8243; _module_preset=&#8221;default&#8221; global_colors_info=&#8221;{}&#8221;][et_pb_blurb title=&#8221;Ana Rita Clemente&#8221; image=&#8221;https:\/\/www.jlfcontabilidade.pt\/novo\/wp-content\/uploads\/2026\/05\/equipa3c.jpg&#8221; _builder_version=&#8221;4.27.4&#8243; _module_preset=&#8221;default&#8221; header_font=&#8221;|700|||||||&#8221; hover_enabled=&#8221;0&#8243; border_radii_image=&#8221;on|195px|195px|195px|195px&#8221; global_colors_info=&#8221;{}&#8221; sticky_enabled=&#8221;0&#8243;]<\/p>\n<p><strong>Recursos Humanos e T\u00e9cnica de Contabilidade<\/strong><strong><\/strong><\/p>\n<p><strong>Contactos<\/strong><br \/>Telefone fixo: 244 028 121<br \/><span style=\"font-size: 10px;\"> (Chamada para a rede fixa nacional)<\/span><br \/><span style=\"color: #008000;\"><a href=\"mailto:ana.%20rita@jlfcontabilidade.pt\" style=\"color: #008000;\"><span style=\"font-size: small;\">ana.rita@jlfcontabilidade.pt<\/span><\/a><\/span><\/p>\n<p>[\/et_pb_blurb][\/et_pb_column][et_pb_column type=&#8221;1_4&#8243; _builder_version=&#8221;4.16&#8243; _module_preset=&#8221;default&#8221; global_colors_info=&#8221;{}&#8221;][et_pb_blurb title=&#8221;L\u00edgia Santos&#8221; image=&#8221;https:\/\/www.jlfcontabilidade.pt\/novo\/wp-content\/uploads\/2026\/05\/equipa4c.jpg&#8221; _builder_version=&#8221;4.27.4&#8243; _module_preset=&#8221;default&#8221; header_font=&#8221;|700|||||||&#8221; hover_enabled=&#8221;0&#8243; border_radii_image=&#8221;on|195px|195px|195px|195px&#8221; global_colors_info=&#8221;{}&#8221; sticky_enabled=&#8221;0&#8243;]<\/p>\n<p><strong>Contabilista Certificada<\/strong><strong><\/strong><\/p>\n<p><strong>Contactos<\/strong><br \/>Telefone fixo: 244 027 270<br \/><span style=\"font-size: 10px;\"> (Chamada para a rede fixa nacional)<\/span><br \/><span style=\"color: #008000;\"><a href=\"mailto:ligia.santos@jlfcontabilidade.pt\" style=\"color: #008000;\">ligia.santos@jlfcontabilidade.pt<\/a><\/span><\/p>\n<p>[\/et_pb_blurb][\/et_pb_column][et_pb_column type=&#8221;1_4&#8243; _builder_version=&#8221;4.16&#8243; _module_preset=&#8221;default&#8221; global_colors_info=&#8221;{}&#8221;][et_pb_blurb title=&#8221;Marta Dores&#8221; image=&#8221;https:\/\/www.jlfcontabilidade.pt\/novo\/wp-content\/uploads\/2026\/05\/equipa6c.jpg&#8221; _builder_version=&#8221;4.27.4&#8243; _module_preset=&#8221;default&#8221; header_font=&#8221;|700|||||||&#8221; hover_enabled=&#8221;0&#8243; border_radii_image=&#8221;on|195px|195px|195px|195px&#8221; global_colors_info=&#8221;{}&#8221; sticky_enabled=&#8221;0&#8243;]<\/p>\n<p style=\"text-align: justify;\"><strong>T\u00e9cnica de Contabilidade<\/strong><\/p>\n<p style=\"text-align: justify;\"><strong>Contactos<\/strong><br \/>Telefone fixo: 244 027 765<br \/><span style=\"font-size: 10px;\"> (Chamada para a rede fixa nacional)<\/span><br \/><span style=\"color: #008000;\"><a href=\"mailto:marta.dores@jlfcontabilidade.pt\" style=\"color: #008000;\"><span style=\"font-size: small;\">marta.dores@jlfcontabilidade.pt<\/span><\/a><\/span><\/p>\n<p>[\/et_pb_blurb][\/et_pb_column][et_pb_column type=&#8221;1_4&#8243; _builder_version=&#8221;4.21.0&#8243; _module_preset=&#8221;default&#8221; global_colors_info=&#8221;{}&#8221;][et_pb_blurb title=&#8221;Carina Cerva&#8221; image=&#8221;https:\/\/www.jlfcontabilidade.pt\/novo\/wp-content\/uploads\/2026\/05\/equipa9c.jpg&#8221; _builder_version=&#8221;4.27.4&#8243; _module_preset=&#8221;default&#8221; header_font=&#8221;|700|||||||&#8221; hover_enabled=&#8221;0&#8243; border_radii_image=&#8221;on|195px|195px|195px|195px&#8221; global_colors_info=&#8221;{}&#8221; sticky_enabled=&#8221;0&#8243;]<\/p>\n<p><strong>T\u00e9cnica de Contabilidade<\/strong><\/p>\n<p><strong>Contactos<\/strong><br \/>Telefone fixo: 244 217 592<br \/><span style=\"font-size: 10px;\"> (Chamada para a rede fixa nacional)<\/span><br \/><span style=\"color: #008000;\"><a href=\"mailto:carina.cerva@jlfcontabilidade.pt\" style=\"color: #008000;\"><span style=\"font-size: small;\">carina.cerva@jlfcontabilidade.pt<\/span><\/a><\/span><\/p>\n<p>[\/et_pb_blurb][\/et_pb_column][\/et_pb_row][\/et_pb_section]<\/p>\n","protected":false},"excerpt":{"rendered":"<p>Jaime Lopes Monteiro de Figueiredo S\u00f3cio-GerenteContabilista Certificado C\u00e9dula n.\u00ba 4804 ContactosTelefone fixo: 244 027 876 (Chamada para a rede fixa nacional)Telem\u00f3vel: 917 818 318 (Chamada para a rede m\u00f3vel nacional)jaime.figueiredo@jlfcontabilidade.ptJulieta Maria Diniz Vieira de Figueiredo S\u00f3cia-GerenteT\u00e9cnica de Contabilidade ContactosTelefone fixo: 244 854 350 (Chamada para a rede fixa nacional)Telem\u00f3vel: 917 608 139\u00a0 (Chamada para a [&hellip;]<\/p>\n","protected":false},"author":2,"featured_media":0,"parent":0,"menu_order":0,"comment_status":"closed","ping_status":"closed","template":"","meta":{"_et_pb_use_builder":"on","_et_pb_old_content":"","_et_gb_content_width":"","footnotes":""},"class_list":["post-503","page","type-page","status-publish","hentry"],"yoast_head":"<!-- This site is optimized with the Yoast SEO plugin v27.4 - https:\/\/yoast.com\/product\/yoast-seo-wordpress\/ -->\n<title>Equipa - JLFContabilidade<\/title>\n<meta name=\"robots\" content=\"index, follow, max-snippet:-1, max-image-preview:large, max-video-preview:-1\" \/>\n<link rel=\"canonical\" href=\"https:\/\/www.jlfcontabilidade.pt\/?page_id=503\" \/>\n<meta property=\"og:locale\" content=\"pt_PT\" \/>\n<meta property=\"og:type\" content=\"article\" \/>\n<meta property=\"og:title\" content=\"Equipa - JLFContabilidade\" \/>\n<meta property=\"og:description\" content=\"Jaime Lopes Monteiro de Figueiredo S\u00f3cio-GerenteContabilista Certificado C\u00e9dula n.\u00ba 4804 ContactosTelefone fixo: 244 027 876 (Chamada para a rede fixa nacional)Telem\u00f3vel: 917 818 318 (Chamada para a rede m\u00f3vel nacional)jaime.figueiredo@jlfcontabilidade.ptJulieta Maria Diniz Vieira de Figueiredo S\u00f3cia-GerenteT\u00e9cnica de Contabilidade ContactosTelefone fixo: 244 854 350 (Chamada para a rede fixa nacional)Telem\u00f3vel: 917 608 139\u00a0 (Chamada para a [&hellip;]\" \/>\n<meta property=\"og:url\" content=\"https:\/\/www.jlfcontabilidade.pt\/?page_id=503\" \/>\n<meta property=\"og:site_name\" content=\"JLFContabilidade\" \/>\n<meta property=\"article:modified_time\" content=\"2026-05-12T16:43:10+00:00\" \/>\n<meta name=\"twitter:card\" content=\"summary_large_image\" \/>\n<meta name=\"twitter:label1\" content=\"Tempo estimado de leitura\" \/>\n\t<meta name=\"twitter:data1\" content=\"3 minutos\" \/>\n<script type=\"application\/ld+json\" class=\"yoast-schema-graph\">{\"@context\":\"https:\\\/\\\/schema.org\",\"@graph\":[{\"@type\":\"WebPage\",\"@id\":\"https:\\\/\\\/www.jlfcontabilidade.pt\\\/?page_id=503\",\"url\":\"https:\\\/\\\/www.jlfcontabilidade.pt\\\/?page_id=503\",\"name\":\"Equipa - JLFContabilidade\",\"isPartOf\":{\"@id\":\"https:\\\/\\\/www.jlfcontabilidade.pt\\\/#website\"},\"datePublished\":\"2023-02-23T10:26:15+00:00\",\"dateModified\":\"2026-05-12T16:43:10+00:00\",\"breadcrumb\":{\"@id\":\"https:\\\/\\\/www.jlfcontabilidade.pt\\\/?page_id=503#breadcrumb\"},\"inLanguage\":\"pt-PT\",\"potentialAction\":[{\"@type\":\"ReadAction\",\"target\":[\"https:\\\/\\\/www.jlfcontabilidade.pt\\\/?page_id=503\"]}]},{\"@type\":\"BreadcrumbList\",\"@id\":\"https:\\\/\\\/www.jlfcontabilidade.pt\\\/?page_id=503#breadcrumb\",\"itemListElement\":[{\"@type\":\"ListItem\",\"position\":1,\"name\":\"In\u00edcio\",\"item\":\"https:\\\/\\\/www.jlfcontabilidade.pt\\\/\"},{\"@type\":\"ListItem\",\"position\":2,\"name\":\"Equipa\"}]},{\"@type\":\"WebSite\",\"@id\":\"https:\\\/\\\/www.jlfcontabilidade.pt\\\/#website\",\"url\":\"https:\\\/\\\/www.jlfcontabilidade.pt\\\/\",\"name\":\"JLFContabilidade\",\"description\":\"Gabinete T\u00e9cnico Contabilidade, Lda\",\"publisher\":{\"@id\":\"https:\\\/\\\/www.jlfcontabilidade.pt\\\/#organization\"},\"potentialAction\":[{\"@type\":\"SearchAction\",\"target\":{\"@type\":\"EntryPoint\",\"urlTemplate\":\"https:\\\/\\\/www.jlfcontabilidade.pt\\\/?s={search_term_string}\"},\"query-input\":{\"@type\":\"PropertyValueSpecification\",\"valueRequired\":true,\"valueName\":\"search_term_string\"}}],\"inLanguage\":\"pt-PT\"},{\"@type\":\"Organization\",\"@id\":\"https:\\\/\\\/www.jlfcontabilidade.pt\\\/#organization\",\"name\":\"Jaime Lopes Figueiredo - Gabinete T\u00e9cnico de Contabilidade, Lda\",\"url\":\"https:\\\/\\\/www.jlfcontabilidade.pt\\\/\",\"logo\":{\"@type\":\"ImageObject\",\"inLanguage\":\"pt-PT\",\"@id\":\"https:\\\/\\\/www.jlfcontabilidade.pt\\\/#\\\/schema\\\/logo\\\/image\\\/\",\"url\":\"https:\\\/\\\/www.jlfcontabilidade.pt\\\/novo\\\/wp-content\\\/uploads\\\/2023\\\/07\\\/JLF_Contabilidade_logo_2.png\",\"contentUrl\":\"https:\\\/\\\/www.jlfcontabilidade.pt\\\/novo\\\/wp-content\\\/uploads\\\/2023\\\/07\\\/JLF_Contabilidade_logo_2.png\",\"width\":1886,\"height\":428,\"caption\":\"Jaime Lopes Figueiredo - Gabinete T\u00e9cnico de Contabilidade, Lda\"},\"image\":{\"@id\":\"https:\\\/\\\/www.jlfcontabilidade.pt\\\/#\\\/schema\\\/logo\\\/image\\\/\"}}]}<\/script>\n<!-- \/ Yoast SEO plugin. -->","yoast_head_json":{"title":"Equipa - JLFContabilidade","robots":{"index":"index","follow":"follow","max-snippet":"max-snippet:-1","max-image-preview":"max-image-preview:large","max-video-preview":"max-video-preview:-1"},"canonical":"https:\/\/www.jlfcontabilidade.pt\/?page_id=503","og_locale":"pt_PT","og_type":"article","og_title":"Equipa - JLFContabilidade","og_description":"Jaime Lopes Monteiro de Figueiredo S\u00f3cio-GerenteContabilista Certificado C\u00e9dula n.\u00ba 4804 ContactosTelefone fixo: 244 027 876 (Chamada para a rede fixa nacional)Telem\u00f3vel: 917 818 318 (Chamada para a rede m\u00f3vel nacional)jaime.figueiredo@jlfcontabilidade.ptJulieta Maria Diniz Vieira de Figueiredo S\u00f3cia-GerenteT\u00e9cnica de Contabilidade ContactosTelefone fixo: 244 854 350 (Chamada para a rede fixa nacional)Telem\u00f3vel: 917 608 139\u00a0 (Chamada para a [&hellip;]","og_url":"https:\/\/www.jlfcontabilidade.pt\/?page_id=503","og_site_name":"JLFContabilidade","article_modified_time":"2026-05-12T16:43:10+00:00","twitter_card":"summary_large_image","twitter_misc":{"Tempo estimado de leitura":"3 minutos"},"schema":{"@context":"https:\/\/schema.org","@graph":[{"@type":"WebPage","@id":"https:\/\/www.jlfcontabilidade.pt\/?page_id=503","url":"https:\/\/www.jlfcontabilidade.pt\/?page_id=503","name":"Equipa - JLFContabilidade","isPartOf":{"@id":"https:\/\/www.jlfcontabilidade.pt\/#website"},"datePublished":"2023-02-23T10:26:15+00:00","dateModified":"2026-05-12T16:43:10+00:00","breadcrumb":{"@id":"https:\/\/www.jlfcontabilidade.pt\/?page_id=503#breadcrumb"},"inLanguage":"pt-PT","potentialAction":[{"@type":"ReadAction","target":["https:\/\/www.jlfcontabilidade.pt\/?page_id=503"]}]},{"@type":"BreadcrumbList","@id":"https:\/\/www.jlfcontabilidade.pt\/?page_id=503#breadcrumb","itemListElement":[{"@type":"ListItem","position":1,"name":"In\u00edcio","item":"https:\/\/www.jlfcontabilidade.pt\/"},{"@type":"ListItem","position":2,"name":"Equipa"}]},{"@type":"WebSite","@id":"https:\/\/www.jlfcontabilidade.pt\/#website","url":"https:\/\/www.jlfcontabilidade.pt\/","name":"JLFContabilidade","description":"Gabinete T\u00e9cnico Contabilidade, Lda","publisher":{"@id":"https:\/\/www.jlfcontabilidade.pt\/#organization"},"potentialAction":[{"@type":"SearchAction","target":{"@type":"EntryPoint","urlTemplate":"https:\/\/www.jlfcontabilidade.pt\/?s={search_term_string}"},"query-input":{"@type":"PropertyValueSpecification","valueRequired":true,"valueName":"search_term_string"}}],"inLanguage":"pt-PT"},{"@type":"Organization","@id":"https:\/\/www.jlfcontabilidade.pt\/#organization","name":"Jaime Lopes Figueiredo - Gabinete T\u00e9cnico de Contabilidade, Lda","url":"https:\/\/www.jlfcontabilidade.pt\/","logo":{"@type":"ImageObject","inLanguage":"pt-PT","@id":"https:\/\/www.jlfcontabilidade.pt\/#\/schema\/logo\/image\/","url":"https:\/\/www.jlfcontabilidade.pt\/novo\/wp-content\/uploads\/2023\/07\/JLF_Contabilidade_logo_2.png","contentUrl":"https:\/\/www.jlfcontabilidade.pt\/novo\/wp-content\/uploads\/2023\/07\/JLF_Contabilidade_logo_2.png","width":1886,"height":428,"caption":"Jaime Lopes Figueiredo - Gabinete T\u00e9cnico de Contabilidade, Lda"},"image":{"@id":"https:\/\/www.jlfcontabilidade.pt\/#\/schema\/logo\/image\/"}}]}},"_links":{"self":[{"href":"https:\/\/www.jlfcontabilidade.pt\/index.php?rest_route=\/wp\/v2\/pages\/503","targetHints":{"allow":["GET"]}}],"collection":[{"href":"https:\/\/www.jlfcontabilidade.pt\/index.php?rest_route=\/wp\/v2\/pages"}],"about":[{"href":"https:\/\/www.jlfcontabilidade.pt\/index.php?rest_route=\/wp\/v2\/types\/page"}],"author":[{"embeddable":true,"href":"https:\/\/www.jlfcontabilidade.pt\/index.php?rest_route=\/wp\/v2\/users\/2"}],"replies":[{"embeddable":true,"href":"https:\/\/www.jlfcontabilidade.pt\/index.php?rest_route=%2Fwp%2Fv2%2Fcomments&post=503"}],"version-history":[{"count":53,"href":"https:\/\/www.jlfcontabilidade.pt\/index.php?rest_route=\/wp\/v2\/pages\/503\/revisions"}],"predecessor-version":[{"id":974,"href":"https:\/\/www.jlfcontabilidade.pt\/index.php?rest_route=\/wp\/v2\/pages\/503\/revisions\/974"}],"wp:attachment":[{"href":"https:\/\/www.jlfcontabilidade.pt\/index.php?rest_route=%2Fwp%2Fv2%2Fmedia&parent=503"}],"curies":[{"name":"wp","href":"https:\/\/api.w.org\/{rel}","templated":true}]}}