{"id":48,"date":"2017-02-16T10:54:00","date_gmt":"2017-02-16T10:54:00","guid":{"rendered":"https:\/\/www.jlfcontabilidade.pt\/novo\/?page_id=48"},"modified":"2023-07-27T10:06:37","modified_gmt":"2023-07-27T10:06:37","slug":"servicos","status":"publish","type":"page","link":"https:\/\/www.jlfcontabilidade.pt\/?page_id=48","title":{"rendered":"Servi\u00e7os"},"content":{"rendered":"<p>[et_pb_section fb_built=&#8221;1&#8243; fullwidth=&#8221;on&#8221; _builder_version=&#8221;4.16&#8243; locked=&#8221;off&#8221; global_colors_info=&#8221;{}&#8221;][et_pb_fullwidth_header title=&#8221;SERVI\u00c7OS&#8221; _builder_version=&#8221;4.19.5&#8243; background_color=&#8221;#ffffff&#8221; use_background_color_gradient=&#8221;on&#8221; background_color_gradient_direction=&#8221;86deg&#8221; background_color_gradient_stops=&#8221;#13593e 0%|rgba(19,89,62,0) 100%&#8221; background_color_gradient_overlays_image=&#8221;on&#8221; background_image=&#8221;https:\/\/www.jlfcontabilidade.pt\/novo\/wp-content\/uploads\/2023\/02\/sl3.jpg&#8221; custom_padding=&#8221;||100px|||&#8221; global_colors_info=&#8221;{}&#8221;][\/et_pb_fullwidth_header][\/et_pb_section][et_pb_section fb_built=&#8221;1&#8243; inner_shadow=&#8221;on&#8221; admin_label=&#8221;section&#8221; _builder_version=&#8221;4.21.0&#8243; background_color=&#8221;#FCFBEE&#8221; transparent_background=&#8221;off&#8221; global_colors_info=&#8221;{}&#8221;][et_pb_row column_structure=&#8221;1_2,1_2&#8243; _builder_version=&#8221;4.19.5&#8243; _module_preset=&#8221;default&#8221; global_colors_info=&#8221;{}&#8221;][et_pb_column type=&#8221;1_2&#8243; _builder_version=&#8221;4.19.5&#8243; _module_preset=&#8221;default&#8221; global_colors_info=&#8221;{}&#8221;][et_pb_text _builder_version=&#8221;4.21.0&#8243; _module_preset=&#8221;default&#8221; global_colors_info=&#8221;{}&#8221;]<\/p>\n<h1 style=\"text-align: justify;\"><strong>Contabilidade<\/strong><\/h1>\n<p style=\"text-align: justify;\"><strong>Temos nas m\u00e3os a responsabilidade de aconselh\u00e1-lo profissionalmente sobre a sua situa\u00e7\u00e3o econ\u00f3mica e financeira,\u00a0<\/strong><b>proporcionando\u00a0um tratamento, totalmente personalizado a cada neg\u00f3cio e cliente.<\/b><\/p>\n<p style=\"text-align: justify;\"><span>A nossa equipa de contabilistas e recursos-humanos est\u00e1 preparada para ajud\u00e1-lo com todas as suas necessidades contabil\u00edsticas:<\/span><\/p>\n<p style=\"text-align: justify;\"><span><\/span><\/p>\n<ul>\n<li style=\"text-align: justify;\">Organiza\u00e7\u00e3o e gest\u00e3o de contas<\/li>\n<li style=\"text-align: justify;\">Declara\u00e7\u00f5es de fiscais<\/li>\n<li style=\"text-align: justify;\">Declara\u00e7\u00f5es de rendimentos<\/li>\n<li style=\"text-align: justify;\">Declara\u00e7\u00f5es de contribui\u00e7\u00f5es para a seguran\u00e7a social<\/li>\n<li style=\"text-align: justify;\">Processamento de ordenados<\/li>\n<li style=\"text-align: justify;\">Prepara\u00e7\u00e3o de or\u00e7amentos e relat\u00f3rios financeiros<\/li>\n<\/ul>\n<p>[\/et_pb_text][\/et_pb_column][et_pb_column type=&#8221;1_2&#8243; _builder_version=&#8221;4.19.5&#8243; _module_preset=&#8221;default&#8221; global_colors_info=&#8221;{}&#8221;][et_pb_image src=&#8221;https:\/\/www.jlfcontabilidade.pt\/novo\/wp-content\/uploads\/2023\/02\/img4.jpg&#8221; _builder_version=&#8221;4.21.0&#8243; _module_preset=&#8221;default&#8221; background_enable_image=&#8221;off&#8221; width=&#8221;90%&#8221; module_alignment=&#8221;center&#8221; custom_margin=&#8221;||-500px||false|false&#8221; custom_padding=&#8221;||500px||false|false&#8221; custom_css_main_element=&#8221;background-size: 100%;||transition: all 0.5s ease;&#8221; border_radii=&#8221;on|1000px|1000px|1000px|1000px&#8221; global_colors_info=&#8221;{}&#8221; custom_css_main_element__hover_enabled=&#8221;on|hover&#8221; custom_css_main_element__hover=&#8221;background-size: 115%;&#8221;][\/et_pb_image][\/et_pb_column][\/et_pb_row][et_pb_row column_structure=&#8221;1_2,1_2&#8243; _builder_version=&#8221;4.21.0&#8243; _module_preset=&#8221;default&#8221; global_colors_info=&#8221;{}&#8221;][et_pb_column type=&#8221;1_2&#8243; _builder_version=&#8221;4.21.0&#8243; _module_preset=&#8221;default&#8221; global_colors_info=&#8221;{}&#8221;][et_pb_image src=&#8221;https:\/\/www.jlfcontabilidade.pt\/novo\/wp-content\/uploads\/2023\/02\/img5.jpg&#8221; _builder_version=&#8221;4.21.0&#8243; _module_preset=&#8221;default&#8221; background_enable_image=&#8221;off&#8221; width=&#8221;90%&#8221; module_alignment=&#8221;center&#8221; custom_margin=&#8221;||-500px||false|false&#8221; custom_padding=&#8221;||500px||false|false&#8221; custom_css_main_element=&#8221;background-size: 100%;||transition: all 0.5s ease;&#8221; border_radii=&#8221;on|1000px|1000px|1000px|1000px&#8221; global_colors_info=&#8221;{}&#8221; custom_css_main_element__hover_enabled=&#8221;on|hover&#8221; custom_css_main_element__hover=&#8221;background-size: 115%;&#8221;][\/et_pb_image][\/et_pb_column][et_pb_column type=&#8221;1_2&#8243; _builder_version=&#8221;4.21.0&#8243; _module_preset=&#8221;default&#8221; global_colors_info=&#8221;{}&#8221;][et_pb_text _builder_version=&#8221;4.21.0&#8243; _module_preset=&#8221;default&#8221; global_colors_info=&#8221;{}&#8221;]<\/p>\n<h1 style=\"text-align: justify;\"><strong>Consultoria<\/strong><\/h1>\n<p style=\"text-align: justify;\"><strong>Prestamos servi\u00e7os de consultoria, onde procuramos garantir que todas as normas e regulamentos sejam cumpridos, evitando penalidades e garantindo o sucesso do seu neg\u00f3cio.<\/strong><\/p>\n<p style=\"text-align: justify;\">Oferecemos um diagn\u00f3stico da situa\u00e7\u00e3o atual do seu neg\u00f3cio e solucionamos qualquer problema:<\/p>\n<ul style=\"text-align: justify;\">\n<li>Assessoria fiscal<\/li>\n<li>Assessoria laboral<\/li>\n<li>Assessoria financeira<\/li>\n<li>Assessoria de gest\u00e3o<\/li>\n<\/ul>\n<p style=\"text-align: justify;\"><strong><\/strong><\/p>\n<p style=\"text-align: justify;\">\n<p>[\/et_pb_text][\/et_pb_column][\/et_pb_row][et_pb_row column_structure=&#8221;1_2,1_2&#8243; _builder_version=&#8221;4.21.0&#8243; _module_preset=&#8221;default&#8221; global_colors_info=&#8221;{}&#8221;][et_pb_column type=&#8221;1_2&#8243; _builder_version=&#8221;4.21.0&#8243; _module_preset=&#8221;default&#8221; global_colors_info=&#8221;{}&#8221;][et_pb_text _builder_version=&#8221;4.21.0&#8243; _module_preset=&#8221;default&#8221; global_colors_info=&#8221;{}&#8221;]<\/p>\n<h1 style=\"text-align: left;\"><strong>Declara\u00e7\u00f5es e Pagamentos Fiscais<\/strong><\/h1>\n<p style=\"text-align: justify;\"><strong>A JLF disponibiliza servi\u00e7os de preenchimento e submiss\u00e3o das declara\u00e7\u00f5es fiscais mensais, trimestrais e anuais.<\/strong><\/p>\n<p style=\"text-align: justify;\"><strong>Contactamos sempre consigo para que entregue atempadamente toda a documenta\u00e7\u00e3o e procedermos, assim, \u00e0 sua submiss\u00e3o e respetivo pagamento se for o caso.<\/strong><\/p>\n<p style=\"text-align: justify;\">Responsabilizamo-nos para que todos os prazos de entrega e pagamentos sejam rigorosamente cumpridos:<\/p>\n<p style=\"text-align: justify;\"><strong><\/strong><\/p>\n<ul>\n<li style=\"text-align: justify;\">Declara\u00e7\u00e3o de impostos<\/li>\n<li style=\"text-align: justify;\">Gest\u00e3o de d\u00edvidas fiscais<\/li>\n<li style=\"text-align: justify;\">Renegocia\u00e7\u00e3o de impostos<\/li>\n<\/ul>\n<p>[\/et_pb_text][\/et_pb_column][et_pb_column type=&#8221;1_2&#8243; _builder_version=&#8221;4.21.0&#8243; _module_preset=&#8221;default&#8221; global_colors_info=&#8221;{}&#8221;][et_pb_image src=&#8221;https:\/\/www.jlfcontabilidade.pt\/novo\/wp-content\/uploads\/2023\/02\/img6.jpg&#8221; _builder_version=&#8221;4.21.0&#8243; _module_preset=&#8221;default&#8221; background_enable_image=&#8221;off&#8221; width=&#8221;90%&#8221; module_alignment=&#8221;center&#8221; custom_margin=&#8221;||-499px||false|false&#8221; custom_padding=&#8221;||500px||false|false&#8221; custom_css_main_element=&#8221;background-size: 100%;||transition: all 0.5s ease;&#8221; border_radii=&#8221;on|1000px|1000px|1000px|1000px&#8221; global_colors_info=&#8221;{}&#8221; custom_css_main_element__hover_enabled=&#8221;on|hover&#8221; custom_css_main_element__hover=&#8221;background-size: 115%;&#8221;][\/et_pb_image][\/et_pb_column][\/et_pb_row][\/et_pb_section]<\/p>\n","protected":false},"excerpt":{"rendered":"<p>Contabilidade Temos nas m\u00e3os a responsabilidade de aconselh\u00e1-lo profissionalmente sobre a sua situa\u00e7\u00e3o econ\u00f3mica e financeira,\u00a0proporcionando\u00a0um tratamento, totalmente personalizado a cada neg\u00f3cio e cliente. A nossa equipa de contabilistas e recursos-humanos est\u00e1 preparada para ajud\u00e1-lo com todas as suas necessidades contabil\u00edsticas: Organiza\u00e7\u00e3o e gest\u00e3o de contas Declara\u00e7\u00f5es de fiscais Declara\u00e7\u00f5es de rendimentos Declara\u00e7\u00f5es de contribui\u00e7\u00f5es [&hellip;]<\/p>\n","protected":false},"author":1,"featured_media":0,"parent":0,"menu_order":0,"comment_status":"closed","ping_status":"closed","template":"","meta":{"_et_pb_use_builder":"on","_et_pb_old_content":"","_et_gb_content_width":"","footnotes":""},"class_list":["post-48","page","type-page","status-publish","hentry"],"yoast_head":"<!-- This site is optimized with the Yoast SEO plugin v27.4 - https:\/\/yoast.com\/product\/yoast-seo-wordpress\/ -->\n<title>Servi\u00e7os - JLFContabilidade<\/title>\n<meta name=\"robots\" content=\"index, follow, max-snippet:-1, max-image-preview:large, max-video-preview:-1\" \/>\n<link rel=\"canonical\" href=\"https:\/\/www.jlfcontabilidade.pt\/?page_id=48\" \/>\n<meta property=\"og:locale\" content=\"pt_PT\" \/>\n<meta property=\"og:type\" content=\"article\" \/>\n<meta property=\"og:title\" content=\"Servi\u00e7os - JLFContabilidade\" \/>\n<meta property=\"og:description\" content=\"Contabilidade Temos nas m\u00e3os a responsabilidade de aconselh\u00e1-lo profissionalmente sobre a sua situa\u00e7\u00e3o econ\u00f3mica e financeira,\u00a0proporcionando\u00a0um tratamento, totalmente personalizado a cada neg\u00f3cio e cliente. A nossa equipa de contabilistas e recursos-humanos est\u00e1 preparada para ajud\u00e1-lo com todas as suas necessidades contabil\u00edsticas: Organiza\u00e7\u00e3o e gest\u00e3o de contas Declara\u00e7\u00f5es de fiscais Declara\u00e7\u00f5es de rendimentos Declara\u00e7\u00f5es de contribui\u00e7\u00f5es [&hellip;]\" \/>\n<meta property=\"og:url\" content=\"https:\/\/www.jlfcontabilidade.pt\/?page_id=48\" \/>\n<meta property=\"og:site_name\" content=\"JLFContabilidade\" \/>\n<meta property=\"article:modified_time\" content=\"2023-07-27T10:06:37+00:00\" \/>\n<meta name=\"twitter:card\" content=\"summary_large_image\" \/>\n<meta name=\"twitter:label1\" content=\"Tempo estimado de leitura\" \/>\n\t<meta name=\"twitter:data1\" content=\"2 minutos\" \/>\n<script type=\"application\/ld+json\" class=\"yoast-schema-graph\">{\"@context\":\"https:\\\/\\\/schema.org\",\"@graph\":[{\"@type\":\"WebPage\",\"@id\":\"https:\\\/\\\/www.jlfcontabilidade.pt\\\/?page_id=48\",\"url\":\"https:\\\/\\\/www.jlfcontabilidade.pt\\\/?page_id=48\",\"name\":\"Servi\u00e7os - JLFContabilidade\",\"isPartOf\":{\"@id\":\"https:\\\/\\\/www.jlfcontabilidade.pt\\\/#website\"},\"datePublished\":\"2017-02-16T10:54:00+00:00\",\"dateModified\":\"2023-07-27T10:06:37+00:00\",\"breadcrumb\":{\"@id\":\"https:\\\/\\\/www.jlfcontabilidade.pt\\\/?page_id=48#breadcrumb\"},\"inLanguage\":\"pt-PT\",\"potentialAction\":[{\"@type\":\"ReadAction\",\"target\":[\"https:\\\/\\\/www.jlfcontabilidade.pt\\\/?page_id=48\"]}]},{\"@type\":\"BreadcrumbList\",\"@id\":\"https:\\\/\\\/www.jlfcontabilidade.pt\\\/?page_id=48#breadcrumb\",\"itemListElement\":[{\"@type\":\"ListItem\",\"position\":1,\"name\":\"In\u00edcio\",\"item\":\"https:\\\/\\\/www.jlfcontabilidade.pt\\\/\"},{\"@type\":\"ListItem\",\"position\":2,\"name\":\"Servi\u00e7os\"}]},{\"@type\":\"WebSite\",\"@id\":\"https:\\\/\\\/www.jlfcontabilidade.pt\\\/#website\",\"url\":\"https:\\\/\\\/www.jlfcontabilidade.pt\\\/\",\"name\":\"JLFContabilidade\",\"description\":\"Gabinete T\u00e9cnico Contabilidade, Lda\",\"publisher\":{\"@id\":\"https:\\\/\\\/www.jlfcontabilidade.pt\\\/#organization\"},\"potentialAction\":[{\"@type\":\"SearchAction\",\"target\":{\"@type\":\"EntryPoint\",\"urlTemplate\":\"https:\\\/\\\/www.jlfcontabilidade.pt\\\/?s={search_term_string}\"},\"query-input\":{\"@type\":\"PropertyValueSpecification\",\"valueRequired\":true,\"valueName\":\"search_term_string\"}}],\"inLanguage\":\"pt-PT\"},{\"@type\":\"Organization\",\"@id\":\"https:\\\/\\\/www.jlfcontabilidade.pt\\\/#organization\",\"name\":\"Jaime Lopes Figueiredo - Gabinete T\u00e9cnico de Contabilidade, Lda\",\"url\":\"https:\\\/\\\/www.jlfcontabilidade.pt\\\/\",\"logo\":{\"@type\":\"ImageObject\",\"inLanguage\":\"pt-PT\",\"@id\":\"https:\\\/\\\/www.jlfcontabilidade.pt\\\/#\\\/schema\\\/logo\\\/image\\\/\",\"url\":\"https:\\\/\\\/www.jlfcontabilidade.pt\\\/novo\\\/wp-content\\\/uploads\\\/2023\\\/07\\\/JLF_Contabilidade_logo_2.png\",\"contentUrl\":\"https:\\\/\\\/www.jlfcontabilidade.pt\\\/novo\\\/wp-content\\\/uploads\\\/2023\\\/07\\\/JLF_Contabilidade_logo_2.png\",\"width\":1886,\"height\":428,\"caption\":\"Jaime Lopes Figueiredo - Gabinete T\u00e9cnico de Contabilidade, Lda\"},\"image\":{\"@id\":\"https:\\\/\\\/www.jlfcontabilidade.pt\\\/#\\\/schema\\\/logo\\\/image\\\/\"}}]}<\/script>\n<!-- \/ Yoast SEO plugin. -->","yoast_head_json":{"title":"Servi\u00e7os - JLFContabilidade","robots":{"index":"index","follow":"follow","max-snippet":"max-snippet:-1","max-image-preview":"max-image-preview:large","max-video-preview":"max-video-preview:-1"},"canonical":"https:\/\/www.jlfcontabilidade.pt\/?page_id=48","og_locale":"pt_PT","og_type":"article","og_title":"Servi\u00e7os - JLFContabilidade","og_description":"Contabilidade Temos nas m\u00e3os a responsabilidade de aconselh\u00e1-lo profissionalmente sobre a sua situa\u00e7\u00e3o econ\u00f3mica e financeira,\u00a0proporcionando\u00a0um tratamento, totalmente personalizado a cada neg\u00f3cio e cliente. A nossa equipa de contabilistas e recursos-humanos est\u00e1 preparada para ajud\u00e1-lo com todas as suas necessidades contabil\u00edsticas: Organiza\u00e7\u00e3o e gest\u00e3o de contas Declara\u00e7\u00f5es de fiscais Declara\u00e7\u00f5es de rendimentos Declara\u00e7\u00f5es de contribui\u00e7\u00f5es [&hellip;]","og_url":"https:\/\/www.jlfcontabilidade.pt\/?page_id=48","og_site_name":"JLFContabilidade","article_modified_time":"2023-07-27T10:06:37+00:00","twitter_card":"summary_large_image","twitter_misc":{"Tempo estimado de leitura":"2 minutos"},"schema":{"@context":"https:\/\/schema.org","@graph":[{"@type":"WebPage","@id":"https:\/\/www.jlfcontabilidade.pt\/?page_id=48","url":"https:\/\/www.jlfcontabilidade.pt\/?page_id=48","name":"Servi\u00e7os - JLFContabilidade","isPartOf":{"@id":"https:\/\/www.jlfcontabilidade.pt\/#website"},"datePublished":"2017-02-16T10:54:00+00:00","dateModified":"2023-07-27T10:06:37+00:00","breadcrumb":{"@id":"https:\/\/www.jlfcontabilidade.pt\/?page_id=48#breadcrumb"},"inLanguage":"pt-PT","potentialAction":[{"@type":"ReadAction","target":["https:\/\/www.jlfcontabilidade.pt\/?page_id=48"]}]},{"@type":"BreadcrumbList","@id":"https:\/\/www.jlfcontabilidade.pt\/?page_id=48#breadcrumb","itemListElement":[{"@type":"ListItem","position":1,"name":"In\u00edcio","item":"https:\/\/www.jlfcontabilidade.pt\/"},{"@type":"ListItem","position":2,"name":"Servi\u00e7os"}]},{"@type":"WebSite","@id":"https:\/\/www.jlfcontabilidade.pt\/#website","url":"https:\/\/www.jlfcontabilidade.pt\/","name":"JLFContabilidade","description":"Gabinete T\u00e9cnico Contabilidade, Lda","publisher":{"@id":"https:\/\/www.jlfcontabilidade.pt\/#organization"},"potentialAction":[{"@type":"SearchAction","target":{"@type":"EntryPoint","urlTemplate":"https:\/\/www.jlfcontabilidade.pt\/?s={search_term_string}"},"query-input":{"@type":"PropertyValueSpecification","valueRequired":true,"valueName":"search_term_string"}}],"inLanguage":"pt-PT"},{"@type":"Organization","@id":"https:\/\/www.jlfcontabilidade.pt\/#organization","name":"Jaime Lopes Figueiredo - Gabinete T\u00e9cnico de Contabilidade, Lda","url":"https:\/\/www.jlfcontabilidade.pt\/","logo":{"@type":"ImageObject","inLanguage":"pt-PT","@id":"https:\/\/www.jlfcontabilidade.pt\/#\/schema\/logo\/image\/","url":"https:\/\/www.jlfcontabilidade.pt\/novo\/wp-content\/uploads\/2023\/07\/JLF_Contabilidade_logo_2.png","contentUrl":"https:\/\/www.jlfcontabilidade.pt\/novo\/wp-content\/uploads\/2023\/07\/JLF_Contabilidade_logo_2.png","width":1886,"height":428,"caption":"Jaime Lopes Figueiredo - Gabinete T\u00e9cnico de Contabilidade, Lda"},"image":{"@id":"https:\/\/www.jlfcontabilidade.pt\/#\/schema\/logo\/image\/"}}]}},"_links":{"self":[{"href":"https:\/\/www.jlfcontabilidade.pt\/index.php?rest_route=\/wp\/v2\/pages\/48","targetHints":{"allow":["GET"]}}],"collection":[{"href":"https:\/\/www.jlfcontabilidade.pt\/index.php?rest_route=\/wp\/v2\/pages"}],"about":[{"href":"https:\/\/www.jlfcontabilidade.pt\/index.php?rest_route=\/wp\/v2\/types\/page"}],"author":[{"embeddable":true,"href":"https:\/\/www.jlfcontabilidade.pt\/index.php?rest_route=\/wp\/v2\/users\/1"}],"replies":[{"embeddable":true,"href":"https:\/\/www.jlfcontabilidade.pt\/index.php?rest_route=%2Fwp%2Fv2%2Fcomments&post=48"}],"version-history":[{"count":41,"href":"https:\/\/www.jlfcontabilidade.pt\/index.php?rest_route=\/wp\/v2\/pages\/48\/revisions"}],"predecessor-version":[{"id":910,"href":"https:\/\/www.jlfcontabilidade.pt\/index.php?rest_route=\/wp\/v2\/pages\/48\/revisions\/910"}],"wp:attachment":[{"href":"https:\/\/www.jlfcontabilidade.pt\/index.php?rest_route=%2Fwp%2Fv2%2Fmedia&parent=48"}],"curies":[{"name":"wp","href":"https:\/\/api.w.org\/{rel}","templated":true}]}}